{"id":40,"date":"2022-05-12T20:29:43","date_gmt":"2022-05-12T20:29:43","guid":{"rendered":"http:\/\/15milhas.com.br\/wfe\/about\/"},"modified":"2022-07-20T18:40:32","modified_gmt":"2022-07-20T18:40:32","slug":"historico","status":"publish","type":"page","link":"https:\/\/15milhas.com.br\/wfe\/historico\/","title":{"rendered":"Hist\u00f3rico"},"content":{"rendered":"<div class=\"wp-block-image\">\n<figure class=\"alignleft size-medium\"><img loading=\"lazy\" decoding=\"async\" width=\"300\" height=\"300\" src=\"https:\/\/15milhas.com.br\/wfe\/wp-content\/uploads\/2022\/05\/favicon-300x300.png\" alt=\"\" class=\"wp-image-280\" srcset=\"https:\/\/15milhas.com.br\/wfe\/wp-content\/uploads\/2022\/05\/favicon-300x300.png 300w, https:\/\/15milhas.com.br\/wfe\/wp-content\/uploads\/2022\/05\/favicon-150x150.png 150w, https:\/\/15milhas.com.br\/wfe\/wp-content\/uploads\/2022\/05\/favicon.png 500w\" sizes=\"auto, (max-width: 300px) 100vw, 300px\" \/><\/figure>\n<\/div>\n\n\n<p>Desde fevereiro de 2016, foram muitas hist\u00f3rias, conquistas e supera\u00e7\u00f5es. As dificuldades neste esporte foram imensas, pois n\u00e3o \u00e9ramos conhecidos.<\/p>\n\n\n\n<p>Muitas pessoas passaram pelo grupo. Umas ficaram, e est\u00e3o com a gente at\u00e9 hoje\u2026 Outras n\u00e3o est\u00e3o mais, mas trouxeram e levaram ensinamentos.<\/p>\n\n\n\n<p>Passados dois meses da funda\u00e7\u00e3o, j\u00e1 t\u00ednhamos mais adeptos da corrida em nosso grupo, e resolvemos formar a nossa primeira diretoria, para a\u00ed sim irmos em busca de mais apoio.<\/p>\n\n\n\n<p>Foram dias de imenso esfor\u00e7o, pois \u00e9ramos leigos no assunto. Mas foi dando tudo certo\u2026 Redigimos nosso primeiro Estatuto, levamos ao cart\u00f3rio e ficamos na torcida\u2026. Dias depois, recebemos uma liga\u00e7\u00e3o para ajustar algumas coisas e, no dia 20 de julho de 2016, os livros j\u00e1 estavam registrados no cart\u00f3rio.<\/p>\n\n\n\n<p>O importante \u00e9 come\u00e7ar devagarinho e sem muita pressa, pois o exerc\u00edcio \u00e9 um \u201crem\u00e9dio barato e de grande valia\u201d. Equipe 15 Milhas! Um sonho realizado, que deu certo!<\/p>\n","protected":false},"excerpt":{"rendered":"<p>Desde fevereiro de 2016, foram muitas hist\u00f3rias, conquistas e supera\u00e7\u00f5es. As dificuldades neste esporte foram imensas, pois n\u00e3o \u00e9ramos conhecidos. Muitas pessoas passaram pelo grupo. Umas ficaram, e est\u00e3o com a gente at\u00e9 hoje\u2026 Outras n\u00e3o est\u00e3o mais, mas trouxeram e levaram ensinamentos. Passados dois meses da funda\u00e7\u00e3o, j\u00e1 t\u00ednhamos mais adeptos da corrida em [&hellip;]<\/p>\n","protected":false},"author":1,"featured_media":280,"parent":0,"menu_order":0,"comment_status":"closed","ping_status":"closed","template":"","meta":{"footnotes":""},"class_list":["post-40","page","type-page","status-publish","has-post-thumbnail","hentry"],"yoast_head":"<!-- This site is optimized with the Yoast SEO plugin v26.2 - https:\/\/yoast.com\/wordpress\/plugins\/seo\/ -->\n<title>Hist\u00f3rico - 15 Milhas<\/title>\n<meta name=\"robots\" content=\"index, follow, max-snippet:-1, max-image-preview:large, max-video-preview:-1\" \/>\n<link rel=\"canonical\" href=\"https:\/\/15milhas.com.br\/wfe\/historico\/\" \/>\n<meta property=\"og:locale\" content=\"pt_BR\" \/>\n<meta property=\"og:type\" content=\"article\" \/>\n<meta property=\"og:title\" content=\"Hist\u00f3rico - 15 Milhas\" \/>\n<meta property=\"og:description\" content=\"Desde fevereiro de 2016, foram muitas hist\u00f3rias, conquistas e supera\u00e7\u00f5es. As dificuldades neste esporte foram imensas, pois n\u00e3o \u00e9ramos conhecidos. Muitas pessoas passaram pelo grupo. Umas ficaram, e est\u00e3o com a gente at\u00e9 hoje\u2026 Outras n\u00e3o est\u00e3o mais, mas trouxeram e levaram ensinamentos. Passados dois meses da funda\u00e7\u00e3o, j\u00e1 t\u00ednhamos mais adeptos da corrida em [&hellip;]\" \/>\n<meta property=\"og:url\" content=\"https:\/\/15milhas.com.br\/wfe\/historico\/\" \/>\n<meta property=\"og:site_name\" content=\"15 Milhas\" \/>\n<meta property=\"article:publisher\" content=\"https:\/\/www.facebook.com\/15MilhasdeCorredoresdeRuadeSantaRosa\" \/>\n<meta property=\"article:modified_time\" content=\"2022-07-20T18:40:32+00:00\" \/>\n<meta property=\"og:image\" content=\"https:\/\/15milhas.com.br\/wfe\/wp-content\/uploads\/2022\/05\/favicon.png\" \/>\n\t<meta property=\"og:image:width\" content=\"500\" \/>\n\t<meta property=\"og:image:height\" content=\"500\" \/>\n\t<meta property=\"og:image:type\" content=\"image\/png\" \/>\n<meta name=\"twitter:card\" content=\"summary_large_image\" \/>\n<meta name=\"twitter:label1\" content=\"Est. tempo de leitura\" \/>\n\t<meta name=\"twitter:data1\" content=\"1 minuto\" \/>\n<script type=\"application\/ld+json\" class=\"yoast-schema-graph\">{\"@context\":\"https:\/\/schema.org\",\"@graph\":[{\"@type\":\"WebPage\",\"@id\":\"https:\/\/15milhas.com.br\/wfe\/historico\/\",\"url\":\"https:\/\/15milhas.com.br\/wfe\/historico\/\",\"name\":\"Hist\u00f3rico - 15 Milhas\",\"isPartOf\":{\"@id\":\"https:\/\/15milhas.com.br\/wfe\/#website\"},\"primaryImageOfPage\":{\"@id\":\"https:\/\/15milhas.com.br\/wfe\/historico\/#primaryimage\"},\"image\":{\"@id\":\"https:\/\/15milhas.com.br\/wfe\/historico\/#primaryimage\"},\"thumbnailUrl\":\"https:\/\/15milhas.com.br\/wfe\/wp-content\/uploads\/2022\/05\/favicon.png\",\"datePublished\":\"2022-05-12T20:29:43+00:00\",\"dateModified\":\"2022-07-20T18:40:32+00:00\",\"breadcrumb\":{\"@id\":\"https:\/\/15milhas.com.br\/wfe\/historico\/#breadcrumb\"},\"inLanguage\":\"pt-BR\",\"potentialAction\":[{\"@type\":\"ReadAction\",\"target\":[\"https:\/\/15milhas.com.br\/wfe\/historico\/\"]}]},{\"@type\":\"ImageObject\",\"inLanguage\":\"pt-BR\",\"@id\":\"https:\/\/15milhas.com.br\/wfe\/historico\/#primaryimage\",\"url\":\"https:\/\/15milhas.com.br\/wfe\/wp-content\/uploads\/2022\/05\/favicon.png\",\"contentUrl\":\"https:\/\/15milhas.com.br\/wfe\/wp-content\/uploads\/2022\/05\/favicon.png\",\"width\":500,\"height\":500},{\"@type\":\"BreadcrumbList\",\"@id\":\"https:\/\/15milhas.com.br\/wfe\/historico\/#breadcrumb\",\"itemListElement\":[{\"@type\":\"ListItem\",\"position\":1,\"name\":\"In\u00edcio\",\"item\":\"https:\/\/15milhas.com.br\/wfe\/\"},{\"@type\":\"ListItem\",\"position\":2,\"name\":\"Hist\u00f3rico\"}]},{\"@type\":\"WebSite\",\"@id\":\"https:\/\/15milhas.com.br\/wfe\/#website\",\"url\":\"https:\/\/15milhas.com.br\/wfe\/\",\"name\":\"15 Milhas\",\"description\":\"Associa\u00e7\u00e3o de Corredores de Rua de Santa Rosa\",\"publisher\":{\"@id\":\"https:\/\/15milhas.com.br\/wfe\/#organization\"},\"potentialAction\":[{\"@type\":\"SearchAction\",\"target\":{\"@type\":\"EntryPoint\",\"urlTemplate\":\"https:\/\/15milhas.com.br\/wfe\/?s={search_term_string}\"},\"query-input\":{\"@type\":\"PropertyValueSpecification\",\"valueRequired\":true,\"valueName\":\"search_term_string\"}}],\"inLanguage\":\"pt-BR\"},{\"@type\":\"Organization\",\"@id\":\"https:\/\/15milhas.com.br\/wfe\/#organization\",\"name\":\"15 Milhas\",\"url\":\"https:\/\/15milhas.com.br\/wfe\/\",\"logo\":{\"@type\":\"ImageObject\",\"inLanguage\":\"pt-BR\",\"@id\":\"https:\/\/15milhas.com.br\/wfe\/#\/schema\/logo\/image\/\",\"url\":\"https:\/\/15milhas.com.br\/wfe\/wp-content\/uploads\/2022\/05\/logo-2.png\",\"contentUrl\":\"https:\/\/15milhas.com.br\/wfe\/wp-content\/uploads\/2022\/05\/logo-2.png\",\"width\":2236,\"height\":986,\"caption\":\"15 Milhas\"},\"image\":{\"@id\":\"https:\/\/15milhas.com.br\/wfe\/#\/schema\/logo\/image\/\"},\"sameAs\":[\"https:\/\/www.facebook.com\/15MilhasdeCorredoresdeRuadeSantaRosa\",\"https:\/\/www.instagram.com\/15_milhas\/\"]}]}<\/script>\n<!-- \/ Yoast SEO plugin. -->","yoast_head_json":{"title":"Hist\u00f3rico - 15 Milhas","robots":{"index":"index","follow":"follow","max-snippet":"max-snippet:-1","max-image-preview":"max-image-preview:large","max-video-preview":"max-video-preview:-1"},"canonical":"https:\/\/15milhas.com.br\/wfe\/historico\/","og_locale":"pt_BR","og_type":"article","og_title":"Hist\u00f3rico - 15 Milhas","og_description":"Desde fevereiro de 2016, foram muitas hist\u00f3rias, conquistas e supera\u00e7\u00f5es. As dificuldades neste esporte foram imensas, pois n\u00e3o \u00e9ramos conhecidos. Muitas pessoas passaram pelo grupo. Umas ficaram, e est\u00e3o com a gente at\u00e9 hoje\u2026 Outras n\u00e3o est\u00e3o mais, mas trouxeram e levaram ensinamentos. Passados dois meses da funda\u00e7\u00e3o, j\u00e1 t\u00ednhamos mais adeptos da corrida em [&hellip;]","og_url":"https:\/\/15milhas.com.br\/wfe\/historico\/","og_site_name":"15 Milhas","article_publisher":"https:\/\/www.facebook.com\/15MilhasdeCorredoresdeRuadeSantaRosa","article_modified_time":"2022-07-20T18:40:32+00:00","og_image":[{"width":500,"height":500,"url":"https:\/\/15milhas.com.br\/wfe\/wp-content\/uploads\/2022\/05\/favicon.png","type":"image\/png"}],"twitter_card":"summary_large_image","twitter_misc":{"Est. tempo de leitura":"1 minuto"},"schema":{"@context":"https:\/\/schema.org","@graph":[{"@type":"WebPage","@id":"https:\/\/15milhas.com.br\/wfe\/historico\/","url":"https:\/\/15milhas.com.br\/wfe\/historico\/","name":"Hist\u00f3rico - 15 Milhas","isPartOf":{"@id":"https:\/\/15milhas.com.br\/wfe\/#website"},"primaryImageOfPage":{"@id":"https:\/\/15milhas.com.br\/wfe\/historico\/#primaryimage"},"image":{"@id":"https:\/\/15milhas.com.br\/wfe\/historico\/#primaryimage"},"thumbnailUrl":"https:\/\/15milhas.com.br\/wfe\/wp-content\/uploads\/2022\/05\/favicon.png","datePublished":"2022-05-12T20:29:43+00:00","dateModified":"2022-07-20T18:40:32+00:00","breadcrumb":{"@id":"https:\/\/15milhas.com.br\/wfe\/historico\/#breadcrumb"},"inLanguage":"pt-BR","potentialAction":[{"@type":"ReadAction","target":["https:\/\/15milhas.com.br\/wfe\/historico\/"]}]},{"@type":"ImageObject","inLanguage":"pt-BR","@id":"https:\/\/15milhas.com.br\/wfe\/historico\/#primaryimage","url":"https:\/\/15milhas.com.br\/wfe\/wp-content\/uploads\/2022\/05\/favicon.png","contentUrl":"https:\/\/15milhas.com.br\/wfe\/wp-content\/uploads\/2022\/05\/favicon.png","width":500,"height":500},{"@type":"BreadcrumbList","@id":"https:\/\/15milhas.com.br\/wfe\/historico\/#breadcrumb","itemListElement":[{"@type":"ListItem","position":1,"name":"In\u00edcio","item":"https:\/\/15milhas.com.br\/wfe\/"},{"@type":"ListItem","position":2,"name":"Hist\u00f3rico"}]},{"@type":"WebSite","@id":"https:\/\/15milhas.com.br\/wfe\/#website","url":"https:\/\/15milhas.com.br\/wfe\/","name":"15 Milhas","description":"Associa\u00e7\u00e3o de Corredores de Rua de Santa Rosa","publisher":{"@id":"https:\/\/15milhas.com.br\/wfe\/#organization"},"potentialAction":[{"@type":"SearchAction","target":{"@type":"EntryPoint","urlTemplate":"https:\/\/15milhas.com.br\/wfe\/?s={search_term_string}"},"query-input":{"@type":"PropertyValueSpecification","valueRequired":true,"valueName":"search_term_string"}}],"inLanguage":"pt-BR"},{"@type":"Organization","@id":"https:\/\/15milhas.com.br\/wfe\/#organization","name":"15 Milhas","url":"https:\/\/15milhas.com.br\/wfe\/","logo":{"@type":"ImageObject","inLanguage":"pt-BR","@id":"https:\/\/15milhas.com.br\/wfe\/#\/schema\/logo\/image\/","url":"https:\/\/15milhas.com.br\/wfe\/wp-content\/uploads\/2022\/05\/logo-2.png","contentUrl":"https:\/\/15milhas.com.br\/wfe\/wp-content\/uploads\/2022\/05\/logo-2.png","width":2236,"height":986,"caption":"15 Milhas"},"image":{"@id":"https:\/\/15milhas.com.br\/wfe\/#\/schema\/logo\/image\/"},"sameAs":["https:\/\/www.facebook.com\/15MilhasdeCorredoresdeRuadeSantaRosa","https:\/\/www.instagram.com\/15_milhas\/"]}]}},"rttpg_featured_image_url":{"full":["https:\/\/15milhas.com.br\/wfe\/wp-content\/uploads\/2022\/05\/favicon.png",500,500,false],"landscape":["https:\/\/15milhas.com.br\/wfe\/wp-content\/uploads\/2022\/05\/favicon.png",500,500,false],"portraits":["https:\/\/15milhas.com.br\/wfe\/wp-content\/uploads\/2022\/05\/favicon.png",500,500,false],"thumbnail":["https:\/\/15milhas.com.br\/wfe\/wp-content\/uploads\/2022\/05\/favicon-150x150.png",150,150,true],"medium":["https:\/\/15milhas.com.br\/wfe\/wp-content\/uploads\/2022\/05\/favicon-300x300.png",300,300,true],"large":["https:\/\/15milhas.com.br\/wfe\/wp-content\/uploads\/2022\/05\/favicon.png",500,500,false],"1536x1536":["https:\/\/15milhas.com.br\/wfe\/wp-content\/uploads\/2022\/05\/favicon.png",500,500,false],"2048x2048":["https:\/\/15milhas.com.br\/wfe\/wp-content\/uploads\/2022\/05\/favicon.png",500,500,false]},"rttpg_author":{"display_name":"admin","author_link":"https:\/\/15milhas.com.br\/wfe\/author\/admin\/"},"rttpg_comment":0,"rttpg_category":null,"rttpg_excerpt":"Desde fevereiro de 2016, foram muitas hist\u00f3rias, conquistas e supera\u00e7\u00f5es. As dificuldades neste esporte foram imensas, pois n\u00e3o \u00e9ramos conhecidos. Muitas pessoas passaram pelo grupo. Umas ficaram, e est\u00e3o com a gente at\u00e9 hoje\u2026 Outras n\u00e3o est\u00e3o mais, mas trouxeram e levaram ensinamentos. Passados dois meses da funda\u00e7\u00e3o, j\u00e1 t\u00ednhamos mais adeptos da corrida em&hellip;","_links":{"self":[{"href":"https:\/\/15milhas.com.br\/wfe\/wp-json\/wp\/v2\/pages\/40","targetHints":{"allow":["GET"]}}],"collection":[{"href":"https:\/\/15milhas.com.br\/wfe\/wp-json\/wp\/v2\/pages"}],"about":[{"href":"https:\/\/15milhas.com.br\/wfe\/wp-json\/wp\/v2\/types\/page"}],"author":[{"embeddable":true,"href":"https:\/\/15milhas.com.br\/wfe\/wp-json\/wp\/v2\/users\/1"}],"replies":[{"embeddable":true,"href":"https:\/\/15milhas.com.br\/wfe\/wp-json\/wp\/v2\/comments?post=40"}],"version-history":[{"count":10,"href":"https:\/\/15milhas.com.br\/wfe\/wp-json\/wp\/v2\/pages\/40\/revisions"}],"predecessor-version":[{"id":411,"href":"https:\/\/15milhas.com.br\/wfe\/wp-json\/wp\/v2\/pages\/40\/revisions\/411"}],"wp:featuredmedia":[{"embeddable":true,"href":"https:\/\/15milhas.com.br\/wfe\/wp-json\/wp\/v2\/media\/280"}],"wp:attachment":[{"href":"https:\/\/15milhas.com.br\/wfe\/wp-json\/wp\/v2\/media?parent=40"}],"curies":[{"name":"wp","href":"https:\/\/api.w.org\/{rel}","templated":true}]}}